{"id":1441,"date":"2025-05-26T22:38:36","date_gmt":"2025-05-26T20:38:36","guid":{"rendered":"https:\/\/kathleenmoore.fr\/?post_type=product&#038;p=1441"},"modified":"2026-03-28T05:39:07","modified_gmt":"2026-03-28T04:39:07","slug":"atelier-yoga-tassin-la-demi-lune","status":"publish","type":"product","link":"https:\/\/kathleenmoore.fr\/index.php\/produit\/atelier-yoga-tassin-la-demi-lune\/","title":{"rendered":"Atelier Yoga \u00e0 Tassin"},"content":{"rendered":"<h3 data-start=\"253\" data-end=\"309\">Ateliers de Yoga \u2013 Un temps pour vous reconnecter<\/h3>\n<p data-start=\"981\" data-end=\"1008\"><strong data-start=\"983\" data-end=\"1008\">Pourquoi participer ?<\/strong><\/p>\n<ul data-start=\"1009\" data-end=\"1299\">\n<li data-start=\"1009\" data-end=\"1068\">\n<p data-start=\"1011\" data-end=\"1068\">Prendre du temps pour vous, loin du stress du quotidien<\/p>\n<\/li>\n<li data-start=\"1069\" data-end=\"1131\">\n<p data-start=\"1071\" data-end=\"1131\">Am\u00e9liorer votre souplesse, votre mobilit\u00e9 et votre posture<\/p>\n<\/li>\n<li data-start=\"1132\" data-end=\"1177\">\n<p data-start=\"1134\" data-end=\"1177\">Renforcer votre \u00e9nergie et votre vitalit\u00e9<\/p>\n<\/li>\n<li data-start=\"1178\" data-end=\"1232\">\n<p data-start=\"1180\" data-end=\"1232\">Apprendre \u00e0 mieux respirer et \u00e0 g\u00e9rer vos \u00e9motions<\/p>\n<\/li>\n<li data-start=\"1233\" data-end=\"1299\">\n<p data-start=\"1235\" data-end=\"1299\">Vivre un moment de bien-\u00eatre profond, dans un cadre bienveillant<\/p>\n<\/li>\n<\/ul>\n<p data-start=\"1301\" data-end=\"1535\">Les ateliers se d\u00e9roulent dans une atmosph\u00e8re douce et s\u00e9curisante, o\u00f9 l\u2019\u00e9coute du corps et le respect de vos limites sont essentiels. Vous repartez d\u00e9tendu(e), recentr\u00e9(e) et avec des outils simples \u00e0 r\u00e9utiliser dans votre quotidien.<\/p>\n<p data-start=\"1537\" data-end=\"1622\"><strong data-start=\"1543\" data-end=\"1622\">Rejoignez-moi pour un moment de bien-\u00eatre, de partage et de transformation.<\/strong><\/p>\n","protected":false},"excerpt":{"rendered":"<p data-start=\"311\" data-end=\"623\">Offrez-vous une parenth\u00e8se de douceur, hors du temps,\u00a0 pens\u00e9s comme de v\u00e9ritables espaces de reconnexion \u00e0 soi.<br data-start=\"440\" data-end=\"443\" \/>Chaque atelier est construit autour d\u2019un th\u00e8me sp\u00e9cifique (\u00e0 d\u00e9couvrir ci dessous), m\u00ealant postures de yoga (asanas), exercices de respiration (pranayama), relaxation guid\u00e9e et m\u00e9ditation&#8230;<\/p>\n<p data-start=\"625\" data-end=\"979\"><em>L\u2019intention profonde : vous aider \u00e0 rel\u00e2cher les tensions, apaiser le mental et retrouver une harmonie globale entre le corps et l\u2019esprit.<\/em><\/p>\n<p data-start=\"625\" data-end=\"979\"><strong>NOS PROCHAINES DATES &amp; TH\u00c9MATIQUES :<\/strong><\/p>\n<p data-start=\"625\" data-end=\"979\"><em>Horaires : 10h30-12h30<\/em><\/p>\n<ul>\n<li>DIMANCHE 25 JANVIER :<\/li>\n<\/ul>\n<p><strong>Yoga &amp; Nouvelle ann\u00e9e &#8211;<\/strong><em><span style=\"font-family: -apple-system, BlinkMacSystemFont, 'Segoe UI', Roboto, 'Helvetica Neue', Arial, 'Noto Sans', sans-serif, 'Apple Color Emoji', 'Segoe UI Emoji', 'Segoe UI Symbol', 'Noto Color Emoji';\">\u00a0<\/span><\/em><\/p>\n<p><em><span style=\"font-family: -apple-system, BlinkMacSystemFont, 'Segoe UI', Roboto, 'Helvetica Neue', Arial, 'Noto Sans', sans-serif, 'Apple Color Emoji', 'Segoe UI Emoji', 'Segoe UI Symbol', 'Noto Color Emoji';\">&#8220;Pr\u00e9sence d&#8217;hiver&#8221;<\/span><\/em><\/p>\n<ul>\n<li>DIMANCHE 22 FEVRIER :<\/li>\n<\/ul>\n<p><strong>Yoga &amp; Estime de soi &#8211;<\/strong><\/p>\n<p><em>&#8220;S&#8217;honorer de l&#8217;int\u00e9rieur&#8221;<\/em><\/p>\n<ul>\n<li>DIMANCHE 15 MARS :<\/li>\n<\/ul>\n<p><strong>Yoga &amp; Aromath\u00e9rapie &#8211; <\/strong><em>\u00a0<\/em><\/p>\n<p><em>&#8220;Se reconnecter au corps par les sens&#8221;<\/em><\/p>\n<ul>\n<li>DIMANCHE 12 AVRIL :<\/li>\n<\/ul>\n<p><strong>Yoga &amp; Equilibre nerveux &#8211; <\/strong><\/p>\n<p><em>&#8220;Apaiser la surcharge mentale&#8221;<\/em><\/p>\n","protected":false},"featured_media":1459,"comment_status":"open","ping_status":"closed","template":"","meta":[],"product_brand":[],"product_cat":[32],"product_tag":[],"class_list":{"0":"post-1441","1":"product","2":"type-product","3":"status-publish","4":"has-post-thumbnail","6":"product_cat-non-classe","8":"first","9":"instock","10":"shipping-taxable","11":"purchasable","12":"product-type-variable"},"yoast_head":"<!-- This site is optimized with the Yoast SEO plugin v26.6 - https:\/\/yoast.com\/wordpress\/plugins\/seo\/ -->\n<title>Atelier Yoga \u00e0 Tassin - Kathleen MOORE<\/title>\n<meta name=\"description\" content=\"Venez d\u00e9couvrir les ateliers yoga \u00e0 Tassin la Demi-Lune, un temps pour reconnecter en profondeur, loin du stress du quotidien.\" \/>\n<meta name=\"robots\" content=\"index, follow, max-snippet:-1, max-image-preview:large, max-video-preview:-1\" \/>\n<link rel=\"canonical\" href=\"https:\/\/kathleenmoore.fr\/index.php\/produit\/atelier-yoga-tassin-la-demi-lune\/\" \/>\n<meta property=\"og:locale\" content=\"en_US\" \/>\n<meta property=\"og:type\" content=\"article\" \/>\n<meta property=\"og:title\" content=\"Atelier Yoga \u00e0 Tassin - Kathleen MOORE\" \/>\n<meta property=\"og:description\" content=\"Venez d\u00e9couvrir les ateliers yoga \u00e0 Tassin la Demi-Lune, un temps pour reconnecter en profondeur, loin du stress du quotidien.\" \/>\n<meta property=\"og:url\" content=\"https:\/\/kathleenmoore.fr\/index.php\/produit\/atelier-yoga-tassin-la-demi-lune\/\" \/>\n<meta property=\"og:site_name\" content=\"Kathleen MOORE\" \/>\n<meta property=\"article:modified_time\" content=\"2026-03-28T04:39:07+00:00\" \/>\n<meta property=\"og:image\" content=\"http:\/\/kathleenmoore.fr\/wp-content\/uploads\/2025\/05\/samantha-sheppard-b8Q5fHBsyik-unsplash-scaled.jpg\" \/>\n\t<meta property=\"og:image:width\" content=\"2560\" \/>\n\t<meta property=\"og:image:height\" content=\"1706\" \/>\n\t<meta property=\"og:image:type\" content=\"image\/jpeg\" \/>\n<meta name=\"twitter:card\" content=\"summary_large_image\" \/>\n<meta name=\"twitter:label1\" content=\"Est. reading time\" \/>\n\t<meta name=\"twitter:data1\" content=\"1 minute\" \/>\n<script type=\"application\/ld+json\" class=\"yoast-schema-graph\">{\"@context\":\"https:\/\/schema.org\",\"@graph\":[{\"@type\":\"WebPage\",\"@id\":\"https:\/\/kathleenmoore.fr\/index.php\/produit\/atelier-yoga-tassin-la-demi-lune\/\",\"url\":\"https:\/\/kathleenmoore.fr\/index.php\/produit\/atelier-yoga-tassin-la-demi-lune\/\",\"name\":\"Atelier Yoga \u00e0 Tassin - Kathleen MOORE\",\"isPartOf\":{\"@id\":\"https:\/\/kathleenmoore.fr\/#website\"},\"primaryImageOfPage\":{\"@id\":\"https:\/\/kathleenmoore.fr\/index.php\/produit\/atelier-yoga-tassin-la-demi-lune\/#primaryimage\"},\"image\":{\"@id\":\"https:\/\/kathleenmoore.fr\/index.php\/produit\/atelier-yoga-tassin-la-demi-lune\/#primaryimage\"},\"thumbnailUrl\":\"https:\/\/kathleenmoore.fr\/wp-content\/uploads\/2025\/05\/samantha-sheppard-b8Q5fHBsyik-unsplash-scaled.jpg\",\"datePublished\":\"2025-05-26T20:38:36+00:00\",\"dateModified\":\"2026-03-28T04:39:07+00:00\",\"description\":\"Venez d\u00e9couvrir les ateliers yoga \u00e0 Tassin la Demi-Lune, un temps pour reconnecter en profondeur, loin du stress du quotidien.\",\"breadcrumb\":{\"@id\":\"https:\/\/kathleenmoore.fr\/index.php\/produit\/atelier-yoga-tassin-la-demi-lune\/#breadcrumb\"},\"inLanguage\":\"en-US\",\"potentialAction\":[{\"@type\":\"ReadAction\",\"target\":[\"https:\/\/kathleenmoore.fr\/index.php\/produit\/atelier-yoga-tassin-la-demi-lune\/\"]}]},{\"@type\":\"ImageObject\",\"inLanguage\":\"en-US\",\"@id\":\"https:\/\/kathleenmoore.fr\/index.php\/produit\/atelier-yoga-tassin-la-demi-lune\/#primaryimage\",\"url\":\"https:\/\/kathleenmoore.fr\/wp-content\/uploads\/2025\/05\/samantha-sheppard-b8Q5fHBsyik-unsplash-scaled.jpg\",\"contentUrl\":\"https:\/\/kathleenmoore.fr\/wp-content\/uploads\/2025\/05\/samantha-sheppard-b8Q5fHBsyik-unsplash-scaled.jpg\",\"width\":2560,\"height\":1706},{\"@type\":\"BreadcrumbList\",\"@id\":\"https:\/\/kathleenmoore.fr\/index.php\/produit\/atelier-yoga-tassin-la-demi-lune\/#breadcrumb\",\"itemListElement\":[{\"@type\":\"ListItem\",\"position\":1,\"name\":\"Accueil\",\"item\":\"https:\/\/kathleenmoore.fr\/\"},{\"@type\":\"ListItem\",\"position\":2,\"name\":\"Boutique\",\"item\":\"https:\/\/kathleenmoore.fr\/index.php\/boutique\/\"},{\"@type\":\"ListItem\",\"position\":3,\"name\":\"Atelier Yoga \u00e0 Tassin\"}]},{\"@type\":\"WebSite\",\"@id\":\"https:\/\/kathleenmoore.fr\/#website\",\"url\":\"https:\/\/kathleenmoore.fr\/\",\"name\":\"Kathleen MOORE\",\"description\":\"Yoga &amp; Nutrition\",\"publisher\":{\"@id\":\"https:\/\/kathleenmoore.fr\/#organization\"},\"potentialAction\":[{\"@type\":\"SearchAction\",\"target\":{\"@type\":\"EntryPoint\",\"urlTemplate\":\"https:\/\/kathleenmoore.fr\/?s={search_term_string}\"},\"query-input\":{\"@type\":\"PropertyValueSpecification\",\"valueRequired\":true,\"valueName\":\"search_term_string\"}}],\"inLanguage\":\"en-US\"},{\"@type\":\"Organization\",\"@id\":\"https:\/\/kathleenmoore.fr\/#organization\",\"name\":\"Kathleen MOORE\",\"url\":\"https:\/\/kathleenmoore.fr\/\",\"logo\":{\"@type\":\"ImageObject\",\"inLanguage\":\"en-US\",\"@id\":\"https:\/\/kathleenmoore.fr\/#\/schema\/logo\/image\/\",\"url\":\"https:\/\/kathleenmoore.fr\/wp-content\/uploads\/2025\/01\/cropped-KATHLEEN-MOORE-2.png\",\"contentUrl\":\"https:\/\/kathleenmoore.fr\/wp-content\/uploads\/2025\/01\/cropped-KATHLEEN-MOORE-2.png\",\"width\":395,\"height\":404,\"caption\":\"Kathleen MOORE\"},\"image\":{\"@id\":\"https:\/\/kathleenmoore.fr\/#\/schema\/logo\/image\/\"},\"sameAs\":[\"https:\/\/www.instagram.com\/kathleen.mre\/\"]}]}<\/script>\n<!-- \/ Yoast SEO plugin. -->","yoast_head_json":{"title":"Atelier Yoga \u00e0 Tassin - Kathleen MOORE","description":"Venez d\u00e9couvrir les ateliers yoga \u00e0 Tassin la Demi-Lune, un temps pour reconnecter en profondeur, loin du stress du quotidien.","robots":{"index":"index","follow":"follow","max-snippet":"max-snippet:-1","max-image-preview":"max-image-preview:large","max-video-preview":"max-video-preview:-1"},"canonical":"https:\/\/kathleenmoore.fr\/index.php\/produit\/atelier-yoga-tassin-la-demi-lune\/","og_locale":"en_US","og_type":"article","og_title":"Atelier Yoga \u00e0 Tassin - Kathleen MOORE","og_description":"Venez d\u00e9couvrir les ateliers yoga \u00e0 Tassin la Demi-Lune, un temps pour reconnecter en profondeur, loin du stress du quotidien.","og_url":"https:\/\/kathleenmoore.fr\/index.php\/produit\/atelier-yoga-tassin-la-demi-lune\/","og_site_name":"Kathleen MOORE","article_modified_time":"2026-03-28T04:39:07+00:00","og_image":[{"width":2560,"height":1706,"url":"http:\/\/kathleenmoore.fr\/wp-content\/uploads\/2025\/05\/samantha-sheppard-b8Q5fHBsyik-unsplash-scaled.jpg","type":"image\/jpeg"}],"twitter_card":"summary_large_image","twitter_misc":{"Est. reading time":"1 minute"},"schema":{"@context":"https:\/\/schema.org","@graph":[{"@type":"WebPage","@id":"https:\/\/kathleenmoore.fr\/index.php\/produit\/atelier-yoga-tassin-la-demi-lune\/","url":"https:\/\/kathleenmoore.fr\/index.php\/produit\/atelier-yoga-tassin-la-demi-lune\/","name":"Atelier Yoga \u00e0 Tassin - Kathleen MOORE","isPartOf":{"@id":"https:\/\/kathleenmoore.fr\/#website"},"primaryImageOfPage":{"@id":"https:\/\/kathleenmoore.fr\/index.php\/produit\/atelier-yoga-tassin-la-demi-lune\/#primaryimage"},"image":{"@id":"https:\/\/kathleenmoore.fr\/index.php\/produit\/atelier-yoga-tassin-la-demi-lune\/#primaryimage"},"thumbnailUrl":"https:\/\/kathleenmoore.fr\/wp-content\/uploads\/2025\/05\/samantha-sheppard-b8Q5fHBsyik-unsplash-scaled.jpg","datePublished":"2025-05-26T20:38:36+00:00","dateModified":"2026-03-28T04:39:07+00:00","description":"Venez d\u00e9couvrir les ateliers yoga \u00e0 Tassin la Demi-Lune, un temps pour reconnecter en profondeur, loin du stress du quotidien.","breadcrumb":{"@id":"https:\/\/kathleenmoore.fr\/index.php\/produit\/atelier-yoga-tassin-la-demi-lune\/#breadcrumb"},"inLanguage":"en-US","potentialAction":[{"@type":"ReadAction","target":["https:\/\/kathleenmoore.fr\/index.php\/produit\/atelier-yoga-tassin-la-demi-lune\/"]}]},{"@type":"ImageObject","inLanguage":"en-US","@id":"https:\/\/kathleenmoore.fr\/index.php\/produit\/atelier-yoga-tassin-la-demi-lune\/#primaryimage","url":"https:\/\/kathleenmoore.fr\/wp-content\/uploads\/2025\/05\/samantha-sheppard-b8Q5fHBsyik-unsplash-scaled.jpg","contentUrl":"https:\/\/kathleenmoore.fr\/wp-content\/uploads\/2025\/05\/samantha-sheppard-b8Q5fHBsyik-unsplash-scaled.jpg","width":2560,"height":1706},{"@type":"BreadcrumbList","@id":"https:\/\/kathleenmoore.fr\/index.php\/produit\/atelier-yoga-tassin-la-demi-lune\/#breadcrumb","itemListElement":[{"@type":"ListItem","position":1,"name":"Accueil","item":"https:\/\/kathleenmoore.fr\/"},{"@type":"ListItem","position":2,"name":"Boutique","item":"https:\/\/kathleenmoore.fr\/index.php\/boutique\/"},{"@type":"ListItem","position":3,"name":"Atelier Yoga \u00e0 Tassin"}]},{"@type":"WebSite","@id":"https:\/\/kathleenmoore.fr\/#website","url":"https:\/\/kathleenmoore.fr\/","name":"Kathleen MOORE","description":"Yoga &amp; Nutrition","publisher":{"@id":"https:\/\/kathleenmoore.fr\/#organization"},"potentialAction":[{"@type":"SearchAction","target":{"@type":"EntryPoint","urlTemplate":"https:\/\/kathleenmoore.fr\/?s={search_term_string}"},"query-input":{"@type":"PropertyValueSpecification","valueRequired":true,"valueName":"search_term_string"}}],"inLanguage":"en-US"},{"@type":"Organization","@id":"https:\/\/kathleenmoore.fr\/#organization","name":"Kathleen MOORE","url":"https:\/\/kathleenmoore.fr\/","logo":{"@type":"ImageObject","inLanguage":"en-US","@id":"https:\/\/kathleenmoore.fr\/#\/schema\/logo\/image\/","url":"https:\/\/kathleenmoore.fr\/wp-content\/uploads\/2025\/01\/cropped-KATHLEEN-MOORE-2.png","contentUrl":"https:\/\/kathleenmoore.fr\/wp-content\/uploads\/2025\/01\/cropped-KATHLEEN-MOORE-2.png","width":395,"height":404,"caption":"Kathleen MOORE"},"image":{"@id":"https:\/\/kathleenmoore.fr\/#\/schema\/logo\/image\/"},"sameAs":["https:\/\/www.instagram.com\/kathleen.mre\/"]}]}},"jetpack_sharing_enabled":true,"_links":{"self":[{"href":"https:\/\/kathleenmoore.fr\/index.php\/wp-json\/wp\/v2\/product\/1441","targetHints":{"allow":["GET"]}}],"collection":[{"href":"https:\/\/kathleenmoore.fr\/index.php\/wp-json\/wp\/v2\/product"}],"about":[{"href":"https:\/\/kathleenmoore.fr\/index.php\/wp-json\/wp\/v2\/types\/product"}],"replies":[{"embeddable":true,"href":"https:\/\/kathleenmoore.fr\/index.php\/wp-json\/wp\/v2\/comments?post=1441"}],"wp:featuredmedia":[{"embeddable":true,"href":"https:\/\/kathleenmoore.fr\/index.php\/wp-json\/wp\/v2\/media\/1459"}],"wp:attachment":[{"href":"https:\/\/kathleenmoore.fr\/index.php\/wp-json\/wp\/v2\/media?parent=1441"}],"wp:term":[{"taxonomy":"product_brand","embeddable":true,"href":"https:\/\/kathleenmoore.fr\/index.php\/wp-json\/wp\/v2\/product_brand?post=1441"},{"taxonomy":"product_cat","embeddable":true,"href":"https:\/\/kathleenmoore.fr\/index.php\/wp-json\/wp\/v2\/product_cat?post=1441"},{"taxonomy":"product_tag","embeddable":true,"href":"https:\/\/kathleenmoore.fr\/index.php\/wp-json\/wp\/v2\/product_tag?post=1441"}],"curies":[{"name":"wp","href":"https:\/\/api.w.org\/{rel}","templated":true}]}}