{"id":1620,"date":"2025-09-01T18:01:56","date_gmt":"2025-09-01T16:01:56","guid":{"rendered":"http:\/\/kathleenmoore.fr\/?post_type=product&#038;p=1620"},"modified":"2026-03-28T05:39:06","modified_gmt":"2026-03-28T04:39:06","slug":"cours-de-yoga-a-tassin","status":"publish","type":"product","link":"https:\/\/kathleenmoore.fr\/index.php\/produit\/cours-de-yoga-a-tassin\/","title":{"rendered":"Cours de yoga \u00e0 Tassin"},"content":{"rendered":"<p>Cours de Yoga \u00e0 Tassin la Demi-Lune<\/p>\n<p>Si tu veux d\u00e9couvrir une pratique douce de Yoga au F\u00e9minin, tu\u00a0 peux r\u00e9server d\u00e8s maintenant ton cours de yoga \u00e0 Tassin.<\/p>\n<p><span style=\"font-family: -apple-system, BlinkMacSystemFont, 'Segoe UI', Roboto, 'Helvetica Neue', Arial, 'Noto Sans', sans-serif, 'Apple Color Emoji', 'Segoe UI Emoji', 'Segoe UI Symbol', 'Noto Color Emoji';\">Un cours unique de <\/span><b style=\"font-family: -apple-system, BlinkMacSystemFont, 'Segoe UI', Roboto, 'Helvetica Neue', Arial, 'Noto Sans', sans-serif, 'Apple Color Emoji', 'Segoe UI Emoji', 'Segoe UI Symbol', 'Noto Color Emoji';\">yoga doux au f\u00e9minin<\/b><span style=\"font-family: -apple-system, BlinkMacSystemFont, 'Segoe UI', Roboto, 'Helvetica Neue', Arial, 'Noto Sans', sans-serif, 'Apple Color Emoji', 'Segoe UI Emoji', 'Segoe UI Symbol', 'Noto Color Emoji';\">\u00a0dans un lieu d\u00e9di\u00e9 au suivi de la femme. Pour bien commencer la semaine en douceur avec un\u00a0<\/span><b style=\"font-family: -apple-system, BlinkMacSystemFont, 'Segoe UI', Roboto, 'Helvetica Neue', Arial, 'Noto Sans', sans-serif, 'Apple Color Emoji', 'Segoe UI Emoji', 'Segoe UI Symbol', 'Noto Color Emoji';\">cours de yoga accessible<\/b><span style=\"font-family: -apple-system, BlinkMacSystemFont, 'Segoe UI', Roboto, 'Helvetica Neue', Arial, 'Noto Sans', sans-serif, 'Apple Color Emoji', 'Segoe UI Emoji', 'Segoe UI Symbol', 'Noto Color Emoji';\">, \u00e0 toutes les femmes,\u00a0<\/span><b style=\"font-family: -apple-system, BlinkMacSystemFont, 'Segoe UI', Roboto, 'Helvetica Neue', Arial, 'Noto Sans', sans-serif, 'Apple Color Emoji', 'Segoe UI Emoji', 'Segoe UI Symbol', 'Noto Color Emoji';\">toutes les morphologies, tous les \u00e2ges.<\/b><\/p>\n<div class=\"elementor-element elementor-element-e1bbe26 elementor-widget elementor-widget-text-editor\" data-id=\"e1bbe26\" data-element_type=\"widget\" data-widget_type=\"text-editor.default\">\n<div class=\"elementor-widget-container\">\n<p>Pour une bulle de douceur pour vous reconnecter \u00e0 votre<b>\u00a0\u00e9nergie f\u00e9minine, \u00e0 votre corps.<\/b><\/p>\n<p>Au centre YOGA LUNE :<\/p>\n<\/div>\n<h5>Bureaux Verts<br \/>\n14B, Chemin Professeur Dep\u00e9ret<br \/>\n69160 TASSIN LA DEMI LUNE<\/h5>\n<div class=\"module-container-custom module-container-root\">\n<div class=\"heading-module-c27825d0-1e30-4fb6-9fe0-7bed7a40e00c heading-root\">\n<div>\n<h4>Accessibilit\u00e9<\/h4>\n<\/div>\n<\/div>\n<\/div>\n<div class=\"module-container-custom module-container-root module-container-f00f1588-7702-44c7-8918-06072c43315a\">\n<div class=\"heading-module-f00f1588-7702-44c7-8918-06072c43315a heading-root\">\n<div>\n<h5>&#8211; Ligne de bus 72<br \/>\narr\u00eat Dep\u00e9ret<br \/>\n&#8211; Proximit\u00e9 gare SNCF Tassin le Bourg<br \/>\n&#8211; Parking<\/h5>\n<\/div>\n<\/div>\n<\/div>\n<div class=\"elementor-widget-container\">\n<p>&nbsp;<\/p>\n<\/div>\n<\/div>\n","protected":false},"excerpt":{"rendered":"<p><strong>Un cours de yoga<\/strong> au f\u00e9minin, c&#8217;est un temps rien que pour toi, pour<strong> te faire du bien<\/strong>, pour t&#8217;\u00e9couter, <strong>rel\u00e2cher les tensions<\/strong> et t&#8217;offrir un espace pour bouger en conscience, en douceur et retrouver tout ce qui vit \u00e0 l&#8217;int\u00e9rieur de toi !<\/p>\n<p>On embarque ensemble pour des<strong> soir\u00e9es yoga au f\u00e9minin &#8211;<\/strong><\/p>\n<p><strong>Un cours mensuel unique \u00e0 ne pas louper &#8211; 1 fois par mois.<\/strong><\/p>\n<p>Dur\u00e9e : 1h15 &#8211; au centre YOGA LUNE \u00e0 Tassin-la-Demi-Lune<\/p>\n<p><b>NOS PROCHAINES DATES :\u00a0<\/b><\/p>\n<p><b>LUNDI 19 JANVIER : <\/b><strong>Yoga &amp; \u00e9nergie f\u00e9minine <\/strong><\/p>\n<p><em>&#8211;&gt; &#8220;Cycle, intuition &amp; douceur&#8221;<\/em><\/p>\n<p><b>LUNDI 02 F\u00c9VRIER : <\/b><strong>Yoga &amp; Cycles lunaires<\/strong><\/p>\n<p><em>&#8211;&gt;&#8221;Sp\u00e9ciale pleine lune&#8221;<\/em><\/p>\n<p><b>LUNDI 30 MARS : <\/b><strong>Yoga &amp; Intuition<\/strong><\/p>\n<p><em>&#8211;&gt;&#8221;Ecouter la voix du corps&#8221;<\/em><\/p>\n<p><b>LUNDI 20 AVRIL : <\/b><strong>Yoga &amp; Cr\u00e9ativit\u00e9<\/strong><\/p>\n<p><em>&#8211;&gt;&#8221;Bouger pour lib\u00e9rer l&#8217;inspiration&#8221;<\/em><\/p>\n","protected":false},"featured_media":1217,"comment_status":"open","ping_status":"closed","template":"","meta":[],"product_brand":[],"product_cat":[32],"product_tag":[],"class_list":{"0":"post-1620","1":"product","2":"type-product","3":"status-publish","4":"has-post-thumbnail","6":"product_cat-non-classe","8":"first","9":"instock","10":"shipping-taxable","11":"purchasable","12":"product-type-variable"},"yoast_head":"<!-- This site is optimized with the Yoast SEO plugin v26.6 - https:\/\/yoast.com\/wordpress\/plugins\/seo\/ -->\n<title>Cours de yoga \u00e0 Tassin - Kathleen MOORE<\/title>\n<meta name=\"description\" content=\"R\u00e9serve ton cours de yoga \u00e0 Tassin la demi-lune, d\u00e8s maintenant via la billetterie en ligne. 2 cours de yoga, le lundi soir au centre du CAPP, \u00e0\" \/>\n<meta name=\"robots\" content=\"index, follow, max-snippet:-1, max-image-preview:large, max-video-preview:-1\" \/>\n<link rel=\"canonical\" href=\"https:\/\/kathleenmoore.fr\/index.php\/produit\/cours-de-yoga-a-tassin\/\" \/>\n<meta property=\"og:locale\" content=\"en_US\" \/>\n<meta property=\"og:type\" content=\"article\" \/>\n<meta property=\"og:title\" content=\"Cours de yoga \u00e0 Tassin - Kathleen MOORE\" \/>\n<meta property=\"og:description\" content=\"R\u00e9serve ton cours de yoga \u00e0 Tassin la demi-lune, d\u00e8s maintenant via la billetterie en ligne. 2 cours de yoga, le lundi soir au centre du CAPP, \u00e0\" \/>\n<meta property=\"og:url\" content=\"https:\/\/kathleenmoore.fr\/index.php\/produit\/cours-de-yoga-a-tassin\/\" \/>\n<meta property=\"og:site_name\" content=\"Kathleen MOORE\" \/>\n<meta property=\"article:modified_time\" content=\"2026-03-28T04:39:06+00:00\" \/>\n<meta property=\"og:image\" content=\"http:\/\/kathleenmoore.fr\/wp-content\/uploads\/2025\/05\/john-collins-IqZ4LlU8_Cs-unsplash-scaled.jpg\" \/>\n\t<meta property=\"og:image:width\" content=\"1920\" \/>\n\t<meta property=\"og:image:height\" content=\"2560\" \/>\n\t<meta property=\"og:image:type\" content=\"image\/jpeg\" \/>\n<meta name=\"twitter:card\" content=\"summary_large_image\" \/>\n<meta name=\"twitter:label1\" content=\"Est. reading time\" \/>\n\t<meta name=\"twitter:data1\" content=\"1 minute\" \/>\n<script type=\"application\/ld+json\" class=\"yoast-schema-graph\">{\"@context\":\"https:\/\/schema.org\",\"@graph\":[{\"@type\":\"WebPage\",\"@id\":\"https:\/\/kathleenmoore.fr\/index.php\/produit\/cours-de-yoga-a-tassin\/\",\"url\":\"https:\/\/kathleenmoore.fr\/index.php\/produit\/cours-de-yoga-a-tassin\/\",\"name\":\"Cours de yoga \u00e0 Tassin - Kathleen MOORE\",\"isPartOf\":{\"@id\":\"https:\/\/kathleenmoore.fr\/#website\"},\"primaryImageOfPage\":{\"@id\":\"https:\/\/kathleenmoore.fr\/index.php\/produit\/cours-de-yoga-a-tassin\/#primaryimage\"},\"image\":{\"@id\":\"https:\/\/kathleenmoore.fr\/index.php\/produit\/cours-de-yoga-a-tassin\/#primaryimage\"},\"thumbnailUrl\":\"https:\/\/kathleenmoore.fr\/wp-content\/uploads\/2025\/05\/john-collins-IqZ4LlU8_Cs-unsplash-scaled.jpg\",\"datePublished\":\"2025-09-01T16:01:56+00:00\",\"dateModified\":\"2026-03-28T04:39:06+00:00\",\"description\":\"R\u00e9serve ton cours de yoga \u00e0 Tassin la demi-lune, d\u00e8s maintenant via la billetterie en ligne. 2 cours de yoga, le lundi soir au centre du CAPP, \u00e0\",\"breadcrumb\":{\"@id\":\"https:\/\/kathleenmoore.fr\/index.php\/produit\/cours-de-yoga-a-tassin\/#breadcrumb\"},\"inLanguage\":\"en-US\",\"potentialAction\":[{\"@type\":\"ReadAction\",\"target\":[\"https:\/\/kathleenmoore.fr\/index.php\/produit\/cours-de-yoga-a-tassin\/\"]}]},{\"@type\":\"ImageObject\",\"inLanguage\":\"en-US\",\"@id\":\"https:\/\/kathleenmoore.fr\/index.php\/produit\/cours-de-yoga-a-tassin\/#primaryimage\",\"url\":\"https:\/\/kathleenmoore.fr\/wp-content\/uploads\/2025\/05\/john-collins-IqZ4LlU8_Cs-unsplash-scaled.jpg\",\"contentUrl\":\"https:\/\/kathleenmoore.fr\/wp-content\/uploads\/2025\/05\/john-collins-IqZ4LlU8_Cs-unsplash-scaled.jpg\",\"width\":1920,\"height\":2560},{\"@type\":\"BreadcrumbList\",\"@id\":\"https:\/\/kathleenmoore.fr\/index.php\/produit\/cours-de-yoga-a-tassin\/#breadcrumb\",\"itemListElement\":[{\"@type\":\"ListItem\",\"position\":1,\"name\":\"Accueil\",\"item\":\"https:\/\/kathleenmoore.fr\/\"},{\"@type\":\"ListItem\",\"position\":2,\"name\":\"Boutique\",\"item\":\"https:\/\/kathleenmoore.fr\/index.php\/boutique\/\"},{\"@type\":\"ListItem\",\"position\":3,\"name\":\"Cours de yoga \u00e0 Tassin\"}]},{\"@type\":\"WebSite\",\"@id\":\"https:\/\/kathleenmoore.fr\/#website\",\"url\":\"https:\/\/kathleenmoore.fr\/\",\"name\":\"Kathleen MOORE\",\"description\":\"Yoga &amp; Nutrition\",\"publisher\":{\"@id\":\"https:\/\/kathleenmoore.fr\/#organization\"},\"potentialAction\":[{\"@type\":\"SearchAction\",\"target\":{\"@type\":\"EntryPoint\",\"urlTemplate\":\"https:\/\/kathleenmoore.fr\/?s={search_term_string}\"},\"query-input\":{\"@type\":\"PropertyValueSpecification\",\"valueRequired\":true,\"valueName\":\"search_term_string\"}}],\"inLanguage\":\"en-US\"},{\"@type\":\"Organization\",\"@id\":\"https:\/\/kathleenmoore.fr\/#organization\",\"name\":\"Kathleen MOORE\",\"url\":\"https:\/\/kathleenmoore.fr\/\",\"logo\":{\"@type\":\"ImageObject\",\"inLanguage\":\"en-US\",\"@id\":\"https:\/\/kathleenmoore.fr\/#\/schema\/logo\/image\/\",\"url\":\"https:\/\/kathleenmoore.fr\/wp-content\/uploads\/2025\/01\/cropped-KATHLEEN-MOORE-2.png\",\"contentUrl\":\"https:\/\/kathleenmoore.fr\/wp-content\/uploads\/2025\/01\/cropped-KATHLEEN-MOORE-2.png\",\"width\":395,\"height\":404,\"caption\":\"Kathleen MOORE\"},\"image\":{\"@id\":\"https:\/\/kathleenmoore.fr\/#\/schema\/logo\/image\/\"},\"sameAs\":[\"https:\/\/www.instagram.com\/kathleen.mre\/\"]}]}<\/script>\n<!-- \/ Yoast SEO plugin. -->","yoast_head_json":{"title":"Cours de yoga \u00e0 Tassin - Kathleen MOORE","description":"R\u00e9serve ton cours de yoga \u00e0 Tassin la demi-lune, d\u00e8s maintenant via la billetterie en ligne. 2 cours de yoga, le lundi soir au centre du CAPP, \u00e0","robots":{"index":"index","follow":"follow","max-snippet":"max-snippet:-1","max-image-preview":"max-image-preview:large","max-video-preview":"max-video-preview:-1"},"canonical":"https:\/\/kathleenmoore.fr\/index.php\/produit\/cours-de-yoga-a-tassin\/","og_locale":"en_US","og_type":"article","og_title":"Cours de yoga \u00e0 Tassin - Kathleen MOORE","og_description":"R\u00e9serve ton cours de yoga \u00e0 Tassin la demi-lune, d\u00e8s maintenant via la billetterie en ligne. 2 cours de yoga, le lundi soir au centre du CAPP, \u00e0","og_url":"https:\/\/kathleenmoore.fr\/index.php\/produit\/cours-de-yoga-a-tassin\/","og_site_name":"Kathleen MOORE","article_modified_time":"2026-03-28T04:39:06+00:00","og_image":[{"width":1920,"height":2560,"url":"http:\/\/kathleenmoore.fr\/wp-content\/uploads\/2025\/05\/john-collins-IqZ4LlU8_Cs-unsplash-scaled.jpg","type":"image\/jpeg"}],"twitter_card":"summary_large_image","twitter_misc":{"Est. reading time":"1 minute"},"schema":{"@context":"https:\/\/schema.org","@graph":[{"@type":"WebPage","@id":"https:\/\/kathleenmoore.fr\/index.php\/produit\/cours-de-yoga-a-tassin\/","url":"https:\/\/kathleenmoore.fr\/index.php\/produit\/cours-de-yoga-a-tassin\/","name":"Cours de yoga \u00e0 Tassin - Kathleen MOORE","isPartOf":{"@id":"https:\/\/kathleenmoore.fr\/#website"},"primaryImageOfPage":{"@id":"https:\/\/kathleenmoore.fr\/index.php\/produit\/cours-de-yoga-a-tassin\/#primaryimage"},"image":{"@id":"https:\/\/kathleenmoore.fr\/index.php\/produit\/cours-de-yoga-a-tassin\/#primaryimage"},"thumbnailUrl":"https:\/\/kathleenmoore.fr\/wp-content\/uploads\/2025\/05\/john-collins-IqZ4LlU8_Cs-unsplash-scaled.jpg","datePublished":"2025-09-01T16:01:56+00:00","dateModified":"2026-03-28T04:39:06+00:00","description":"R\u00e9serve ton cours de yoga \u00e0 Tassin la demi-lune, d\u00e8s maintenant via la billetterie en ligne. 2 cours de yoga, le lundi soir au centre du CAPP, \u00e0","breadcrumb":{"@id":"https:\/\/kathleenmoore.fr\/index.php\/produit\/cours-de-yoga-a-tassin\/#breadcrumb"},"inLanguage":"en-US","potentialAction":[{"@type":"ReadAction","target":["https:\/\/kathleenmoore.fr\/index.php\/produit\/cours-de-yoga-a-tassin\/"]}]},{"@type":"ImageObject","inLanguage":"en-US","@id":"https:\/\/kathleenmoore.fr\/index.php\/produit\/cours-de-yoga-a-tassin\/#primaryimage","url":"https:\/\/kathleenmoore.fr\/wp-content\/uploads\/2025\/05\/john-collins-IqZ4LlU8_Cs-unsplash-scaled.jpg","contentUrl":"https:\/\/kathleenmoore.fr\/wp-content\/uploads\/2025\/05\/john-collins-IqZ4LlU8_Cs-unsplash-scaled.jpg","width":1920,"height":2560},{"@type":"BreadcrumbList","@id":"https:\/\/kathleenmoore.fr\/index.php\/produit\/cours-de-yoga-a-tassin\/#breadcrumb","itemListElement":[{"@type":"ListItem","position":1,"name":"Accueil","item":"https:\/\/kathleenmoore.fr\/"},{"@type":"ListItem","position":2,"name":"Boutique","item":"https:\/\/kathleenmoore.fr\/index.php\/boutique\/"},{"@type":"ListItem","position":3,"name":"Cours de yoga \u00e0 Tassin"}]},{"@type":"WebSite","@id":"https:\/\/kathleenmoore.fr\/#website","url":"https:\/\/kathleenmoore.fr\/","name":"Kathleen MOORE","description":"Yoga &amp; Nutrition","publisher":{"@id":"https:\/\/kathleenmoore.fr\/#organization"},"potentialAction":[{"@type":"SearchAction","target":{"@type":"EntryPoint","urlTemplate":"https:\/\/kathleenmoore.fr\/?s={search_term_string}"},"query-input":{"@type":"PropertyValueSpecification","valueRequired":true,"valueName":"search_term_string"}}],"inLanguage":"en-US"},{"@type":"Organization","@id":"https:\/\/kathleenmoore.fr\/#organization","name":"Kathleen MOORE","url":"https:\/\/kathleenmoore.fr\/","logo":{"@type":"ImageObject","inLanguage":"en-US","@id":"https:\/\/kathleenmoore.fr\/#\/schema\/logo\/image\/","url":"https:\/\/kathleenmoore.fr\/wp-content\/uploads\/2025\/01\/cropped-KATHLEEN-MOORE-2.png","contentUrl":"https:\/\/kathleenmoore.fr\/wp-content\/uploads\/2025\/01\/cropped-KATHLEEN-MOORE-2.png","width":395,"height":404,"caption":"Kathleen MOORE"},"image":{"@id":"https:\/\/kathleenmoore.fr\/#\/schema\/logo\/image\/"},"sameAs":["https:\/\/www.instagram.com\/kathleen.mre\/"]}]}},"jetpack_sharing_enabled":true,"_links":{"self":[{"href":"https:\/\/kathleenmoore.fr\/index.php\/wp-json\/wp\/v2\/product\/1620","targetHints":{"allow":["GET"]}}],"collection":[{"href":"https:\/\/kathleenmoore.fr\/index.php\/wp-json\/wp\/v2\/product"}],"about":[{"href":"https:\/\/kathleenmoore.fr\/index.php\/wp-json\/wp\/v2\/types\/product"}],"replies":[{"embeddable":true,"href":"https:\/\/kathleenmoore.fr\/index.php\/wp-json\/wp\/v2\/comments?post=1620"}],"wp:featuredmedia":[{"embeddable":true,"href":"https:\/\/kathleenmoore.fr\/index.php\/wp-json\/wp\/v2\/media\/1217"}],"wp:attachment":[{"href":"https:\/\/kathleenmoore.fr\/index.php\/wp-json\/wp\/v2\/media?parent=1620"}],"wp:term":[{"taxonomy":"product_brand","embeddable":true,"href":"https:\/\/kathleenmoore.fr\/index.php\/wp-json\/wp\/v2\/product_brand?post=1620"},{"taxonomy":"product_cat","embeddable":true,"href":"https:\/\/kathleenmoore.fr\/index.php\/wp-json\/wp\/v2\/product_cat?post=1620"},{"taxonomy":"product_tag","embeddable":true,"href":"https:\/\/kathleenmoore.fr\/index.php\/wp-json\/wp\/v2\/product_tag?post=1620"}],"curies":[{"name":"wp","href":"https:\/\/api.w.org\/{rel}","templated":true}]}}