{"id":2085,"date":"2026-02-16T16:43:49","date_gmt":"2026-02-16T15:43:49","guid":{"rendered":"https:\/\/kathleenmoore.fr\/?post_type=product&#038;p=2085"},"modified":"2026-02-26T10:47:39","modified_gmt":"2026-02-26T09:47:39","slug":"atelier-cuisine-intuitive-ecully","status":"publish","type":"product","link":"https:\/\/kathleenmoore.fr\/index.php\/produit\/atelier-cuisine-intuitive-ecully\/","title":{"rendered":"Atelier cuisine intuitive"},"content":{"rendered":"<p>On se retrouve le <strong>mardi 17 mars de 19h-21h30,<\/strong> dans un espace cocooning <strong>au caf\u00e9 Sans Filtre \u00e0 \u00c9cully.<\/strong><\/p>\n<p>On verra quelques d\u00e9couvertes et exp\u00e9riences suppl\u00e9mentaires en d\u00e9but et en fin d&#8217;atelier.<\/p>\n<p>Puis, on finira par d\u00e9guster nos pr\u00e9parations ensemble, pour \u00e9changer sur l&#8217;exp\u00e9rience et ancrer ce moment de partage et de reconnexion \ud83d\ude42<\/p>\n<p>Pr\u00e9voir des petits r\u00e9cipients pour repartir avec le reste de tes pr\u00e9parations.<\/p>\n<p>Ce que tu trouveras dans cet atelier, promis tu ne le trouveras nulle part ailleurs.<\/p>\n<p>On se retrouve bient\u00f4t !<\/p>\n","protected":false},"excerpt":{"rendered":"<p>Un moment unique \u00e0 t&#8217;offrir ou \u00e0 partager en duo.<\/p>\n<p><strong>Mardi 17 mars<\/strong> de 19H \u00e0 21h30<\/p>\n<p>au caf\u00e9 <strong>Sans Filtre \u00e0 \u00c9cully.<\/strong><\/p>\n<p><em>Voir toutes les informations compl\u00e9mentaires en bas de la page.<\/em><\/p>\n<p>H\u00e2te de partager ce moment avec vous !<\/p>\n","protected":false},"featured_media":1456,"comment_status":"open","ping_status":"closed","template":"","meta":[],"product_brand":[],"product_cat":[32],"product_tag":[],"class_list":{"0":"post-2085","1":"product","2":"type-product","3":"status-publish","4":"has-post-thumbnail","6":"product_cat-non-classe","8":"first","9":"instock","10":"virtual","11":"purchasable","12":"product-type-simple"},"yoast_head":"<!-- This site is optimized with the Yoast SEO plugin v26.6 - https:\/\/yoast.com\/wordpress\/plugins\/seo\/ -->\n<title>Atelier cuisine intuitive - Kathleen MOORE<\/title>\n<meta name=\"robots\" content=\"index, follow, max-snippet:-1, max-image-preview:large, max-video-preview:-1\" \/>\n<link rel=\"canonical\" href=\"https:\/\/kathleenmoore.fr\/index.php\/produit\/atelier-cuisine-intuitive-ecully\/\" \/>\n<meta property=\"og:locale\" content=\"en_US\" \/>\n<meta property=\"og:type\" content=\"article\" \/>\n<meta property=\"og:title\" content=\"Atelier cuisine intuitive - Kathleen MOORE\" \/>\n<meta property=\"og:description\" content=\"Un moment unique \u00e0 t&#039;offrir ou \u00e0 partager en duo.  Mardi 17 mars de 19H \u00e0 21h30  au caf\u00e9 Sans Filtre \u00e0 \u00c9cully.  Voir toutes les informations compl\u00e9mentaires en bas de la page.  H\u00e2te de partager ce moment avec vous !\" \/>\n<meta property=\"og:url\" content=\"https:\/\/kathleenmoore.fr\/index.php\/produit\/atelier-cuisine-intuitive-ecully\/\" \/>\n<meta property=\"og:site_name\" content=\"Kathleen MOORE\" \/>\n<meta property=\"article:modified_time\" content=\"2026-02-26T09:47:39+00:00\" \/>\n<meta property=\"og:image\" content=\"http:\/\/kathleenmoore.fr\/wp-content\/uploads\/2025\/05\/manny-nb-hx5_c_mJM8s-unsplash-scaled.jpg\" \/>\n\t<meta property=\"og:image:width\" content=\"1920\" \/>\n\t<meta property=\"og:image:height\" content=\"2560\" \/>\n\t<meta property=\"og:image:type\" content=\"image\/jpeg\" \/>\n<meta name=\"twitter:card\" content=\"summary_large_image\" \/>\n<meta name=\"twitter:label1\" content=\"Est. reading time\" \/>\n\t<meta name=\"twitter:data1\" content=\"1 minute\" \/>\n<script type=\"application\/ld+json\" class=\"yoast-schema-graph\">{\"@context\":\"https:\/\/schema.org\",\"@graph\":[{\"@type\":\"WebPage\",\"@id\":\"https:\/\/kathleenmoore.fr\/index.php\/produit\/atelier-cuisine-intuitive-ecully\/\",\"url\":\"https:\/\/kathleenmoore.fr\/index.php\/produit\/atelier-cuisine-intuitive-ecully\/\",\"name\":\"Atelier cuisine intuitive - Kathleen MOORE\",\"isPartOf\":{\"@id\":\"https:\/\/kathleenmoore.fr\/#website\"},\"primaryImageOfPage\":{\"@id\":\"https:\/\/kathleenmoore.fr\/index.php\/produit\/atelier-cuisine-intuitive-ecully\/#primaryimage\"},\"image\":{\"@id\":\"https:\/\/kathleenmoore.fr\/index.php\/produit\/atelier-cuisine-intuitive-ecully\/#primaryimage\"},\"thumbnailUrl\":\"https:\/\/kathleenmoore.fr\/wp-content\/uploads\/2025\/05\/manny-nb-hx5_c_mJM8s-unsplash-scaled.jpg\",\"datePublished\":\"2026-02-16T15:43:49+00:00\",\"dateModified\":\"2026-02-26T09:47:39+00:00\",\"breadcrumb\":{\"@id\":\"https:\/\/kathleenmoore.fr\/index.php\/produit\/atelier-cuisine-intuitive-ecully\/#breadcrumb\"},\"inLanguage\":\"en-US\",\"potentialAction\":[{\"@type\":\"ReadAction\",\"target\":[\"https:\/\/kathleenmoore.fr\/index.php\/produit\/atelier-cuisine-intuitive-ecully\/\"]}]},{\"@type\":\"ImageObject\",\"inLanguage\":\"en-US\",\"@id\":\"https:\/\/kathleenmoore.fr\/index.php\/produit\/atelier-cuisine-intuitive-ecully\/#primaryimage\",\"url\":\"https:\/\/kathleenmoore.fr\/wp-content\/uploads\/2025\/05\/manny-nb-hx5_c_mJM8s-unsplash-scaled.jpg\",\"contentUrl\":\"https:\/\/kathleenmoore.fr\/wp-content\/uploads\/2025\/05\/manny-nb-hx5_c_mJM8s-unsplash-scaled.jpg\",\"width\":1920,\"height\":2560},{\"@type\":\"BreadcrumbList\",\"@id\":\"https:\/\/kathleenmoore.fr\/index.php\/produit\/atelier-cuisine-intuitive-ecully\/#breadcrumb\",\"itemListElement\":[{\"@type\":\"ListItem\",\"position\":1,\"name\":\"Accueil\",\"item\":\"https:\/\/kathleenmoore.fr\/\"},{\"@type\":\"ListItem\",\"position\":2,\"name\":\"Boutique\",\"item\":\"https:\/\/kathleenmoore.fr\/index.php\/boutique\/\"},{\"@type\":\"ListItem\",\"position\":3,\"name\":\"Atelier cuisine intuitive\"}]},{\"@type\":\"WebSite\",\"@id\":\"https:\/\/kathleenmoore.fr\/#website\",\"url\":\"https:\/\/kathleenmoore.fr\/\",\"name\":\"Kathleen MOORE\",\"description\":\"Yoga &amp; Nutrition\",\"publisher\":{\"@id\":\"https:\/\/kathleenmoore.fr\/#organization\"},\"potentialAction\":[{\"@type\":\"SearchAction\",\"target\":{\"@type\":\"EntryPoint\",\"urlTemplate\":\"https:\/\/kathleenmoore.fr\/?s={search_term_string}\"},\"query-input\":{\"@type\":\"PropertyValueSpecification\",\"valueRequired\":true,\"valueName\":\"search_term_string\"}}],\"inLanguage\":\"en-US\"},{\"@type\":\"Organization\",\"@id\":\"https:\/\/kathleenmoore.fr\/#organization\",\"name\":\"Kathleen MOORE\",\"url\":\"https:\/\/kathleenmoore.fr\/\",\"logo\":{\"@type\":\"ImageObject\",\"inLanguage\":\"en-US\",\"@id\":\"https:\/\/kathleenmoore.fr\/#\/schema\/logo\/image\/\",\"url\":\"https:\/\/kathleenmoore.fr\/wp-content\/uploads\/2025\/01\/cropped-KATHLEEN-MOORE-2.png\",\"contentUrl\":\"https:\/\/kathleenmoore.fr\/wp-content\/uploads\/2025\/01\/cropped-KATHLEEN-MOORE-2.png\",\"width\":395,\"height\":404,\"caption\":\"Kathleen MOORE\"},\"image\":{\"@id\":\"https:\/\/kathleenmoore.fr\/#\/schema\/logo\/image\/\"},\"sameAs\":[\"https:\/\/www.instagram.com\/kathleen.mre\/\"]}]}<\/script>\n<!-- \/ Yoast SEO plugin. -->","yoast_head_json":{"title":"Atelier cuisine intuitive - Kathleen MOORE","robots":{"index":"index","follow":"follow","max-snippet":"max-snippet:-1","max-image-preview":"max-image-preview:large","max-video-preview":"max-video-preview:-1"},"canonical":"https:\/\/kathleenmoore.fr\/index.php\/produit\/atelier-cuisine-intuitive-ecully\/","og_locale":"en_US","og_type":"article","og_title":"Atelier cuisine intuitive - Kathleen MOORE","og_description":"Un moment unique \u00e0 t'offrir ou \u00e0 partager en duo.  Mardi 17 mars de 19H \u00e0 21h30  au caf\u00e9 Sans Filtre \u00e0 \u00c9cully.  Voir toutes les informations compl\u00e9mentaires en bas de la page.  H\u00e2te de partager ce moment avec vous !","og_url":"https:\/\/kathleenmoore.fr\/index.php\/produit\/atelier-cuisine-intuitive-ecully\/","og_site_name":"Kathleen MOORE","article_modified_time":"2026-02-26T09:47:39+00:00","og_image":[{"width":1920,"height":2560,"url":"http:\/\/kathleenmoore.fr\/wp-content\/uploads\/2025\/05\/manny-nb-hx5_c_mJM8s-unsplash-scaled.jpg","type":"image\/jpeg"}],"twitter_card":"summary_large_image","twitter_misc":{"Est. reading time":"1 minute"},"schema":{"@context":"https:\/\/schema.org","@graph":[{"@type":"WebPage","@id":"https:\/\/kathleenmoore.fr\/index.php\/produit\/atelier-cuisine-intuitive-ecully\/","url":"https:\/\/kathleenmoore.fr\/index.php\/produit\/atelier-cuisine-intuitive-ecully\/","name":"Atelier cuisine intuitive - Kathleen MOORE","isPartOf":{"@id":"https:\/\/kathleenmoore.fr\/#website"},"primaryImageOfPage":{"@id":"https:\/\/kathleenmoore.fr\/index.php\/produit\/atelier-cuisine-intuitive-ecully\/#primaryimage"},"image":{"@id":"https:\/\/kathleenmoore.fr\/index.php\/produit\/atelier-cuisine-intuitive-ecully\/#primaryimage"},"thumbnailUrl":"https:\/\/kathleenmoore.fr\/wp-content\/uploads\/2025\/05\/manny-nb-hx5_c_mJM8s-unsplash-scaled.jpg","datePublished":"2026-02-16T15:43:49+00:00","dateModified":"2026-02-26T09:47:39+00:00","breadcrumb":{"@id":"https:\/\/kathleenmoore.fr\/index.php\/produit\/atelier-cuisine-intuitive-ecully\/#breadcrumb"},"inLanguage":"en-US","potentialAction":[{"@type":"ReadAction","target":["https:\/\/kathleenmoore.fr\/index.php\/produit\/atelier-cuisine-intuitive-ecully\/"]}]},{"@type":"ImageObject","inLanguage":"en-US","@id":"https:\/\/kathleenmoore.fr\/index.php\/produit\/atelier-cuisine-intuitive-ecully\/#primaryimage","url":"https:\/\/kathleenmoore.fr\/wp-content\/uploads\/2025\/05\/manny-nb-hx5_c_mJM8s-unsplash-scaled.jpg","contentUrl":"https:\/\/kathleenmoore.fr\/wp-content\/uploads\/2025\/05\/manny-nb-hx5_c_mJM8s-unsplash-scaled.jpg","width":1920,"height":2560},{"@type":"BreadcrumbList","@id":"https:\/\/kathleenmoore.fr\/index.php\/produit\/atelier-cuisine-intuitive-ecully\/#breadcrumb","itemListElement":[{"@type":"ListItem","position":1,"name":"Accueil","item":"https:\/\/kathleenmoore.fr\/"},{"@type":"ListItem","position":2,"name":"Boutique","item":"https:\/\/kathleenmoore.fr\/index.php\/boutique\/"},{"@type":"ListItem","position":3,"name":"Atelier cuisine intuitive"}]},{"@type":"WebSite","@id":"https:\/\/kathleenmoore.fr\/#website","url":"https:\/\/kathleenmoore.fr\/","name":"Kathleen MOORE","description":"Yoga &amp; Nutrition","publisher":{"@id":"https:\/\/kathleenmoore.fr\/#organization"},"potentialAction":[{"@type":"SearchAction","target":{"@type":"EntryPoint","urlTemplate":"https:\/\/kathleenmoore.fr\/?s={search_term_string}"},"query-input":{"@type":"PropertyValueSpecification","valueRequired":true,"valueName":"search_term_string"}}],"inLanguage":"en-US"},{"@type":"Organization","@id":"https:\/\/kathleenmoore.fr\/#organization","name":"Kathleen MOORE","url":"https:\/\/kathleenmoore.fr\/","logo":{"@type":"ImageObject","inLanguage":"en-US","@id":"https:\/\/kathleenmoore.fr\/#\/schema\/logo\/image\/","url":"https:\/\/kathleenmoore.fr\/wp-content\/uploads\/2025\/01\/cropped-KATHLEEN-MOORE-2.png","contentUrl":"https:\/\/kathleenmoore.fr\/wp-content\/uploads\/2025\/01\/cropped-KATHLEEN-MOORE-2.png","width":395,"height":404,"caption":"Kathleen MOORE"},"image":{"@id":"https:\/\/kathleenmoore.fr\/#\/schema\/logo\/image\/"},"sameAs":["https:\/\/www.instagram.com\/kathleen.mre\/"]}]}},"jetpack_sharing_enabled":true,"_links":{"self":[{"href":"https:\/\/kathleenmoore.fr\/index.php\/wp-json\/wp\/v2\/product\/2085","targetHints":{"allow":["GET"]}}],"collection":[{"href":"https:\/\/kathleenmoore.fr\/index.php\/wp-json\/wp\/v2\/product"}],"about":[{"href":"https:\/\/kathleenmoore.fr\/index.php\/wp-json\/wp\/v2\/types\/product"}],"replies":[{"embeddable":true,"href":"https:\/\/kathleenmoore.fr\/index.php\/wp-json\/wp\/v2\/comments?post=2085"}],"wp:featuredmedia":[{"embeddable":true,"href":"https:\/\/kathleenmoore.fr\/index.php\/wp-json\/wp\/v2\/media\/1456"}],"wp:attachment":[{"href":"https:\/\/kathleenmoore.fr\/index.php\/wp-json\/wp\/v2\/media?parent=2085"}],"wp:term":[{"taxonomy":"product_brand","embeddable":true,"href":"https:\/\/kathleenmoore.fr\/index.php\/wp-json\/wp\/v2\/product_brand?post=2085"},{"taxonomy":"product_cat","embeddable":true,"href":"https:\/\/kathleenmoore.fr\/index.php\/wp-json\/wp\/v2\/product_cat?post=2085"},{"taxonomy":"product_tag","embeddable":true,"href":"https:\/\/kathleenmoore.fr\/index.php\/wp-json\/wp\/v2\/product_tag?post=2085"}],"curies":[{"name":"wp","href":"https:\/\/api.w.org\/{rel}","templated":true}]}}